
{"id":2034,"date":"2020-05-29T17:28:57","date_gmt":"2020-05-29T15:28:57","guid":{"rendered":"https:\/\/www.elpiro.com\/info\/"},"modified":"2020-06-06T18:37:07","modified_gmt":"2020-06-06T16:37:07","slug":"info","status":"publish","type":"page","link":"https:\/\/www.elpiro.com\/de\/info\/","title":{"rendered":"Info"},"content":{"rendered":"\t\t<div data-elementor-type=\"wp-page\" data-elementor-id=\"2034\" class=\"elementor elementor-2034 elementor-2009\">\n\t\t\t\t\t\t<div class=\"elementor-inner\">\n\t\t\t\t<div class=\"elementor-section-wrap\">\n\t\t\t\t\t\t\t\t\t<section class=\"elementor-section elementor-top-section elementor-element elementor-element-fbb55ee box-with-border elementor-section-boxed elementor-section-height-default elementor-section-height-default\" data-id=\"fbb55ee\" data-element_type=\"section\">\n\t\t\t\t\t\t<div class=\"elementor-container elementor-column-gap-default\">\n\t\t\t\t\t\t\t<div class=\"elementor-row\">\n\t\t\t\t\t<div class=\"elementor-column elementor-col-100 elementor-top-column elementor-element elementor-element-8dcc197\" data-id=\"8dcc197\" data-element_type=\"column\">\n\t\t\t<div class=\"elementor-column-wrap elementor-element-populated\">\n\t\t\t\t\t\t\t<div class=\"elementor-widget-wrap\">\n\t\t\t\t\t\t<div class=\"elementor-element elementor-element-fe40c14 title-mattia elementor-widget elementor-widget-text-editor\" data-id=\"fe40c14\" data-element_type=\"widget\" data-widget_type=\"text-editor.default\">\n\t\t\t\t<div class=\"elementor-widget-container\">\n\t\t\t\t\t\t\t\t<div class=\"elementor-text-editor elementor-clearfix\">\n\t\t\t\t<p>N\u00fctzliche Ausk\u00fcnfte<\/p>\n<p>und Verhaltensregeln<\/p>\n\t\t\t\t\t<\/div>\n\t\t\t\t\t\t<\/div>\n\t\t\t\t<\/div>\n\t\t\t\t<div class=\"elementor-element elementor-element-2c8bd84 text-mattia elementor-widget elementor-widget-text-editor\" data-id=\"2c8bd84\" data-element_type=\"widget\" data-widget_type=\"text-editor.default\">\n\t\t\t\t<div class=\"elementor-widget-container\">\n\t\t\t\t\t\t\t\t<div class=\"elementor-text-editor elementor-clearfix\">\n\t\t\t\t<p>Liebe G\u00e4ste,<\/p>\n<p>mit der Absicht Ihren Aufenthalt noch angenehmer zu gestalten, im Bewusstsein der aktuellen Sicherheitsbed\u00fcrfnisse, die auch in Ferienorte erforderlich sind, hier im Anschluss finden Sie einige Verhaltensregeln die von jedem, der in unserem Hotel \u00fcbernachtet, eingehalten werden m\u00fcssen.<br \/>In der \u00dcberzeugung Ihres Verst\u00e4ndnisses, laden wir Sie ein, sie zu respektieren, wissend, dass unsere einzige Absicht ist Ihren Urlaub noch einmal unvergesslich zu gestalten.<\/p>\n\t\t\t\t\t<\/div>\n\t\t\t\t\t\t<\/div>\n\t\t\t\t<\/div>\n\t\t\t\t<div class=\"elementor-element elementor-element-d83fe83 accordion-home elementor-widget elementor-widget-toggle\" data-id=\"d83fe83\" data-element_type=\"widget\" data-widget_type=\"toggle.default\">\n\t\t\t\t<div class=\"elementor-widget-container\">\n\t\t\t\t\t<div class=\"elementor-toggle\" role=\"tablist\">\n\t\t\t\t\t\t\t<div class=\"elementor-toggle-item\">\n\t\t\t\t\t<div id=\"elementor-tab-title-2261\" class=\"elementor-tab-title\" data-tab=\"1\" role=\"tab\" aria-controls=\"elementor-tab-content-2261\" aria-expanded=\"false\">\n\t\t\t\t\t\t\t\t\t\t\t\t<span class=\"elementor-toggle-icon elementor-toggle-icon-left\" aria-hidden=\"true\">\n\t\t\t\t\t\t\t\t\t\t\t\t\t\t\t<span class=\"elementor-toggle-icon-closed\"><i class=\"fas fa-caret-right\"><\/i><\/span>\n\t\t\t\t\t\t\t\t<span class=\"elementor-toggle-icon-opened\"><i class=\"elementor-toggle-icon-opened fas fa-caret-up\"><\/i><\/span>\n\t\t\t\t\t\t\t\t\t\t\t\t\t<\/span>\n\t\t\t\t\t\t\t\t\t\t\t\t<a href=\"\" class=\"elementor-toggle-title\">Zugang zu unserem Hotel<\/a>\n\t\t\t\t\t<\/div>\n\n\t\t\t\t\t<div id=\"elementor-tab-content-2261\" class=\"elementor-tab-content elementor-clearfix\" data-tab=\"1\" role=\"tabpanel\" aria-labelledby=\"elementor-tab-title-2261\"><ul>\n<li>Es kann die <strong>K\u00f6rpertemperatur<\/strong> gemessen werden, die den Zugang bei Temperaturen \u00fcber 37,5\u00b0 nicht erlaubt.<\/li>\n<li>In \u00f6ffentlichen Bereichen muss der zwischenmenschliche Abstand von <strong>mindestens 1 Meter<\/strong> respektiert werden.<\/li>\n<li>Die <strong>zwischenmenschliche Abstandverpflichtung<\/strong> gilt weder f\u00fcr Familienmitglieder oder Mitbewohner, noch f\u00fcr Leute die dasselbe Zimmer belegen, noch f\u00fcr Leute die laut geltenden Vorschriften keiner Distanzierung unterliegen.<\/li>\n<li>Unsere G\u00e4ste m\u00fcssen immer in Gemeinschaftsbereichen, die geschlossen sind, eine <strong>Mundschutzmaske<\/strong> tragen. In Gemeinschaftsbereichen im Freien muss die Maske getragen werden wenn der Mindestabstand von 1 Meter nicht eingehalten werden kann.<\/li>\n<li>In allen Bereichen unseres Hauses (Speisesaal, Bar, Gemeinschaftsr\u00e4ume, Rezeption) stehen Ihnen Alkoholl\u00f6sungsspender f\u00fcr die <strong>Hygiene der H\u00e4nde<\/strong> zur Verf\u00fcgung. Wir laden Sie ein, sie h\u00e4ufig zu verwenden. Wir haben es f\u00fcr angemessen gehalten, die Verf\u00fcgbarkeit von Zeitschriften und Informationsmaterial zur allgemeinen Verwendung zu unterbinden.<\/li>\n<li>Jeder Gegenstand, den wir unseren G\u00e4sten zur Verf\u00fcgung stellen, wird vor der Lieferung desinfiziert.<\/li>\n<li>Die Verwendung von <strong>Aufz\u00fcgen<\/strong> muss so erfolgen, dass der zwischenmenschliche Abstand auch mit der Maske respektiert wird. Davon ausgenommen sind Familienmitglieder, Mitbewohner und Personen die das gleiche Zimmer teilen, oder Personen die nach den geltenden Bestimmungen keiner zwischenmenschlichen Distanzierung unterliegen.<\/li>\n<li>Wir werden darauf achten, dass alle R\u00e4ume des Hotels <strong>h\u00e4ufig<\/strong> <strong>gereinigt<\/strong> <strong>und<\/strong> <strong>desinfiziert<\/strong> werden, mit besonderer Sorgfalt der gemeinschaftlichen Bereiche und h\u00e4ufig ber\u00fchrten Oberfl\u00e4chen (Handl\u00e4ufe, Lichtschalter, Aufzugkn\u00f6pfe, T\u00fcr-und-Fenstergriffe, usw.). Wir werden den Luftaustausch in den Innenr\u00e4umen, die Desinfektion der einzelnen Zimmer vor der Ankunft unserer G\u00e4ste sowie eine gr\u00fcndliche Reinigung und Desinfektion der R\u00e4ume, M\u00f6beln, Utensilien und, sofern vorhanden, der W\u00e4sche f\u00f6rdern.<\/li>\n<\/ul>\n<\/div>\n\t\t\t\t<\/div>\n\t\t\t\t\t\t\t<div class=\"elementor-toggle-item\">\n\t\t\t\t\t<div id=\"elementor-tab-title-2262\" class=\"elementor-tab-title\" data-tab=\"2\" role=\"tab\" aria-controls=\"elementor-tab-content-2262\" aria-expanded=\"false\">\n\t\t\t\t\t\t\t\t\t\t\t\t<span class=\"elementor-toggle-icon elementor-toggle-icon-left\" aria-hidden=\"true\">\n\t\t\t\t\t\t\t\t\t\t\t\t\t\t\t<span class=\"elementor-toggle-icon-closed\"><i class=\"fas fa-caret-right\"><\/i><\/span>\n\t\t\t\t\t\t\t\t<span class=\"elementor-toggle-icon-opened\"><i class=\"elementor-toggle-icon-opened fas fa-caret-up\"><\/i><\/span>\n\t\t\t\t\t\t\t\t\t\t\t\t\t<\/span>\n\t\t\t\t\t\t\t\t\t\t\t\t<a href=\"\" class=\"elementor-toggle-title\">Speisesaal<\/a>\n\t\t\t\t\t<\/div>\n\n\t\t\t\t\t<div id=\"elementor-tab-content-2262\" class=\"elementor-tab-content elementor-clearfix\" data-tab=\"2\" role=\"tabpanel\" aria-labelledby=\"elementor-tab-title-2262\"><ul>\n<li>Wir haben einen Abstand von <strong>mindestens einem Meter<\/strong> zwischen den Tischen in unserem Speisesaal disponiert. Wir laden unsere freundlichen G\u00e4ste ein, in einem zwischenmenschlichem Abstand von mindestens einem Meter einzutreten, Versammlungen zu vermeiden und Schutzmasken solange zu tragen bis Sie an den Tisch Platz genommen haben. W\u00e4hrend der Mahlzeiten ist es erlaubt keine Schutzinstrumente (Handschuhe und Masken) zu tragen.<\/li>\n<li>Im Speisesaal, in der Bar und in den Gemeinschaftsr\u00e4umen stehen <strong>Handhygieneprodukte<\/strong> zur Verf\u00fcgung. Wir empfehlen Ihnen, sie sowohl vor als auch nach den Mahlzeiten h\u00e4ufig zu verwenden.<\/li>\n<li>Die Mahlzeiten werden bestellt, indem Sie unser Men\u00fc zum Fr\u00fchst\u00fcck, Mittag-und-Abendessen erhalten.<\/li>\n<li>Wir laden Sie ein die Verwendung der <strong>Tische im Freien<\/strong> (soweit verf\u00fcgbar) immer unter Beachtung des Abstands von mindestens 1 Meter zu bevorzugen.<\/li>\n<li>Der Konsum an der <strong>Theke<\/strong> ist nur mit einem zwischenmenschlichen Abstand von mindestens 1 Meter gestattet, mit Ausnahme von Personen, die gem\u00e4\u00df den geltenden Bestimmungen keiner zwischenmenschlichen Distanz unterliegen.<\/li>\n<li>Die <strong>Selbstbedienung<\/strong> am Buffet ist zu unserem Bedauern nicht erlaubt. Jedenfalls haben wir eine Vielzahl von Gerichten (Gem\u00fcse. Desserts und Obst) geplant. Sie k\u00f6nnen die Gerichte ausw\u00e4hlen die Sie bevorzugen und diese vom diensthabenden Personal anfordern, welches Sie gerne serviert. Jedenfalls erinnern wir Sie an die Verpflichtung den Abstand einzuhalten und die <strong>Maske<\/strong> zum Schutz der Atemwege zu verwenden, wenn Sie nicht am Tisch sitzen.<\/li>\n<li>Am Ende jedes Tischservices k\u00fcmmern sich unsere Mitarbeiter um die \u00fcbliche Reinigung und Desinfektion der Oberfl\u00e4chen.<\/li>\n<\/ul>\n<\/div>\n\t\t\t\t<\/div>\n\t\t\t\t\t\t\t<div class=\"elementor-toggle-item\">\n\t\t\t\t\t<div id=\"elementor-tab-title-2263\" class=\"elementor-tab-title\" data-tab=\"3\" role=\"tab\" aria-controls=\"elementor-tab-content-2263\" aria-expanded=\"false\">\n\t\t\t\t\t\t\t\t\t\t\t\t<span class=\"elementor-toggle-icon elementor-toggle-icon-left\" aria-hidden=\"true\">\n\t\t\t\t\t\t\t\t\t\t\t\t\t\t\t<span class=\"elementor-toggle-icon-closed\"><i class=\"fas fa-caret-right\"><\/i><\/span>\n\t\t\t\t\t\t\t\t<span class=\"elementor-toggle-icon-opened\"><i class=\"elementor-toggle-icon-opened fas fa-caret-up\"><\/i><\/span>\n\t\t\t\t\t\t\t\t\t\t\t\t\t<\/span>\n\t\t\t\t\t\t\t\t\t\t\t\t<a href=\"\" class=\"elementor-toggle-title\">Zugang zum Strand<\/a>\n\t\t\t\t\t<\/div>\n\n\t\t\t\t\t<div id=\"elementor-tab-content-2263\" class=\"elementor-tab-content elementor-clearfix\" data-tab=\"3\" role=\"tabpanel\" aria-labelledby=\"elementor-tab-title-2263\"><ul>\n<li>Leider haben wir dieses Jahr eine komplett neue Strandordnung der wir unterstehen m\u00fcssen. Deshalb k\u00f6nnen wir keinen Platz am Strand und\/oder Pool garantieren und auch keine Reservierungen annehmen. Eventuell ist es m\u00f6glich einen Strandplatz beim Strandw\u00e4rter zu mieten.<\/li>\n<li>F\u00fcr den Zugang zum Strand wird Sie das Personal der Badeanstalt zum Sonnenschirm begleiten und Ihnen die zu beachtenden Vorsichtsma\u00dfnahmen erkl\u00e4ren.<\/li>\n<li>Handhygieneprodukte werden an verschiedene Stellen der Anlage zur Verf\u00fcgung gestellt.<\/li>\n<li>Es kann die K\u00f6rpertemperatur gemessen werden, die den Zugang bei Temperaturen \u00fcber 37,5\u00b0 nicht erlaubt.<\/li>\n<li>Vom Personal der Badeanstalt ist ein Abstand vorgesehen f\u00fcr die <strong>Sonnenschirme<\/strong> um die gesetzlichen Bestimmungen einzuhalten (und das sowohl f\u00fcr horizontale als f\u00fcr Rauten-Reihen). Man wird sich bem\u00fchen f\u00fcr eine h\u00e4ufige Reinigung und Desinfektion von \u00f6ffentlichen Bereichen, Umkleide-und-Badekabinen, Duschen, Toiletten usw., sp\u00e4testens nach Schlie\u00dfung der Anlage. Die Sonnenliegen, Liegest\u00fchle, Sonnenschirme usw. <strong>werden bei jedem Personen-oder-Familienwechsel desinfiziert<\/strong> und jedenfalls am Ende des Tages.<\/li>\n<li>Das \u00dcben von Freizeit &#8211; und &#8211; Sportaktivit\u00e4ten in Gruppen, die zu Versammlungen f\u00fchren k\u00f6nnen, ist verboten.<\/li>\n<li>Einzelne <strong>Sportarten<\/strong>, die normalerweise am Strand (z. B. Schl\u00e4ger) oder im Wasser (z. B. Schwimmen, Surfen, Windsurfen, Kitesurfen) stattfinden, k\u00f6nnen regelm\u00e4\u00dfig in \u00dcbereinstimmung mit zwischenmenschlichen Abstandsma\u00dfnahmen ausge\u00fcbt werden. Anders, Mannschaftssportarten (z. B. Beachvolleyball, Beach Soccer) m\u00fcssen die Bestimmungen der zust\u00e4ndigen Institutionen einhalten.<\/li>\n<\/ul>\n<\/div>\n\t\t\t\t<\/div>\n\t\t\t\t\t\t\t<div class=\"elementor-toggle-item\">\n\t\t\t\t\t<div id=\"elementor-tab-title-2264\" class=\"elementor-tab-title\" data-tab=\"4\" role=\"tab\" aria-controls=\"elementor-tab-content-2264\" aria-expanded=\"false\">\n\t\t\t\t\t\t\t\t\t\t\t\t<span class=\"elementor-toggle-icon elementor-toggle-icon-left\" aria-hidden=\"true\">\n\t\t\t\t\t\t\t\t\t\t\t\t\t\t\t<span class=\"elementor-toggle-icon-closed\"><i class=\"fas fa-caret-right\"><\/i><\/span>\n\t\t\t\t\t\t\t\t<span class=\"elementor-toggle-icon-opened\"><i class=\"elementor-toggle-icon-opened fas fa-caret-up\"><\/i><\/span>\n\t\t\t\t\t\t\t\t\t\t\t\t\t<\/span>\n\t\t\t\t\t\t\t\t\t\t\t\t<a href=\"\" class=\"elementor-toggle-title\">Schwimmbecken<\/a>\n\t\t\t\t\t<\/div>\n\n\t\t\t\t\t<div id=\"elementor-tab-content-2264\" class=\"elementor-tab-content elementor-clearfix\" data-tab=\"4\" role=\"tabpanel\" aria-labelledby=\"elementor-tab-title-2264\"><ul>\n<li>Die Nutzung unseres Schwimmbades ist mit maximal 6 Personen gleichzeitig gestattet. Daher laden wir unsere freundlichen G\u00e4ste ein, es nicht zu ben\u00fctzen wenn diese Grenze nicht eingehalten werden kann. Um den Zugang zu regeln, k\u00f6nnen unsere Mitarbeiter anwesend sein.<\/li>\n<li>Wir laden Sie ein, <strong>jegliche Aggregations- oder-Versammlungskondition in den Bereichen neben dem Schwimmbad zu vermeiden<\/strong> und dies in \u00dcbereinstimmung mit der sozialen Distanzierung von mindestens 1 Meter, mit Ausnahme von Personen, die gem\u00e4\u00df der aktuellen Bestimmungen keiner menschlichen Distanzierung unterliegen.<\/li>\n<li>Entlang des Schwimmbades finden Sie Spender mit hydroalkoholischen L\u00f6sungen, die bereits am Eintritt verwendet werden m\u00fcssen.<\/li>\n<li>In unserem Solarium haben wir einen ausreichenden Abstand zwischen den Sonnenschirmen mit einem Abstand von mindestens 1,5 Metern voneinander vorgesehen.<\/li>\n<li>Wir k\u00fcmmern uns darum, die Gemeinschaftsbereiche, Umkleide-und-Badekabinen, Duschen, Toiletten, Ger\u00e4te (Liegest\u00fchle, St\u00fchle, Sonnenliegen, usw.) zu <strong>reinigen und desinfizieren<\/strong>.<\/li>\n<li>Die <strong>Ausr\u00fcstung<\/strong>, wie z. B. Sonnenliegen, Liegest\u00fchle, Sonnenschirme usw. wird bei jedem Personen-oder-Familienwechsel und in jedem Fall am Ende des Tages desinfiziert. Wir laden Sie ein, die gemischte Verwendung von Gegenst\u00e4nden und W\u00e4sche zu vermeiden indem Sie mit allem N\u00f6tigen bestattet unseren Pool betreten.<\/li>\n<li>Wir empfehlen den Eltern\/Betreuern, darauf zu achten, dass die Kinder den Abstand und die hygienischen Verhaltensregeln einhalten, die mit ihrem Autonomiegrad und ihrem Alter vereinbar sind.<\/li>\n<\/ul>\n<\/div>\n\t\t\t\t<\/div>\n\t\t\t\t\t\t\t\t<\/div>\n\t\t\t\t<\/div>\n\t\t\t\t<\/div>\n\t\t\t\t<div class=\"elementor-element elementor-element-16129ee text-mattia elementor-widget elementor-widget-text-editor\" data-id=\"16129ee\" data-element_type=\"widget\" data-widget_type=\"text-editor.default\">\n\t\t\t\t<div class=\"elementor-widget-container\">\n\t\t\t\t\t\t\t\t<div class=\"elementor-text-editor elementor-clearfix\">\n\t\t\t\t<p>Wir danken Ihnen f\u00fcr Ihre Zusammenarbeit bei der Einhaltung dieser Verhaltensregeln, die zu Ihrer ausschlie\u00dflichen Sicherheit entwickelt wurden.<br \/>Wir stehen Ihnen in jedem Fall zur weiteren Kl\u00e4rung zur Verf\u00fcgung.<br \/>Das Team<\/p>\n\t\t\t\t\t<\/div>\n\t\t\t\t\t\t<\/div>\n\t\t\t\t<\/div>\n\t\t\t\t\t\t<\/div>\n\t\t\t\t\t<\/div>\n\t\t<\/div>\n\t\t\t\t\t\t\t\t<\/div>\n\t\t\t\t\t<\/div>\n\t\t<\/section>\n\t\t\t\t\t\t\t\t\t<\/div>\n\t\t\t<\/div>\n\t\t\t\t\t<\/div>\n\t\t","protected":false},"excerpt":{"rendered":"<p>N\u00fctzliche Ausk\u00fcnfte und Verhaltensregeln Liebe G\u00e4ste, mit der Absicht Ihren Aufenthalt noch angenehmer zu gestalten, im Bewusstsein der aktuellen Sicherheitsbed\u00fcrfnisse, die auch in Ferienorte erforderlich sind, hier im Anschluss finden Sie einige Verhaltensregeln die von jedem, der in unserem Hotel \u00fcbernachtet, eingehalten werden m\u00fcssen.In der \u00dcberzeugung Ihres Verst\u00e4ndnisses, laden wir Sie ein, sie zu respektieren, [&hellip;]<\/p>\n","protected":false},"author":1,"featured_media":0,"parent":0,"menu_order":0,"comment_status":"closed","ping_status":"closed","template":"","meta":[],"acf":[],"_links":{"self":[{"href":"https:\/\/www.elpiro.com\/de\/wp-json\/wp\/v2\/pages\/2034"}],"collection":[{"href":"https:\/\/www.elpiro.com\/de\/wp-json\/wp\/v2\/pages"}],"about":[{"href":"https:\/\/www.elpiro.com\/de\/wp-json\/wp\/v2\/types\/page"}],"author":[{"embeddable":true,"href":"https:\/\/www.elpiro.com\/de\/wp-json\/wp\/v2\/users\/1"}],"replies":[{"embeddable":true,"href":"https:\/\/www.elpiro.com\/de\/wp-json\/wp\/v2\/comments?post=2034"}],"version-history":[{"count":4,"href":"https:\/\/www.elpiro.com\/de\/wp-json\/wp\/v2\/pages\/2034\/revisions"}],"predecessor-version":[{"id":2069,"href":"https:\/\/www.elpiro.com\/de\/wp-json\/wp\/v2\/pages\/2034\/revisions\/2069"}],"wp:attachment":[{"href":"https:\/\/www.elpiro.com\/de\/wp-json\/wp\/v2\/media?parent=2034"}],"curies":[{"name":"wp","href":"https:\/\/api.w.org\/{rel}","templated":true}]}}