
{"id":3,"date":"2018-08-29T21:49:47","date_gmt":"2018-08-29T21:49:47","guid":{"rendered":"https:\/\/www.elpiro.ml\/?page_id=3"},"modified":"2019-03-03T19:52:10","modified_gmt":"2019-03-03T17:52:10","slug":"privacy-policy","status":"publish","type":"page","link":"https:\/\/www.elpiro.com\/en\/privacy-policy\/","title":{"rendered":"Privacy Policy"},"content":{"rendered":"\t\t<div data-elementor-type=\"wp-post\" data-elementor-id=\"3\" class=\"elementor elementor-3 elementor-bc-flex-widget\">\n\t\t\t\t\t\t<div class=\"elementor-inner\">\n\t\t\t\t<div class=\"elementor-section-wrap\">\n\t\t\t\t\t\t\t\t\t<section class=\"elementor-section elementor-top-section elementor-element elementor-element-f618737 box-with-border elementor-section-boxed elementor-section-height-default elementor-section-height-default elementor-invisible\" data-id=\"f618737\" data-element_type=\"section\" data-settings=\"{&quot;animation&quot;:&quot;zoomIn&quot;}\">\n\t\t\t\t\t\t<div class=\"elementor-container elementor-column-gap-default\">\n\t\t\t\t\t\t\t<div class=\"elementor-row\">\n\t\t\t\t\t<div class=\"elementor-column elementor-col-100 elementor-top-column elementor-element elementor-element-28217d5\" data-id=\"28217d5\" data-element_type=\"column\">\n\t\t\t<div class=\"elementor-column-wrap elementor-element-populated\">\n\t\t\t\t\t\t\t<div class=\"elementor-widget-wrap\">\n\t\t\t\t\t\t<div class=\"elementor-element elementor-element-f21efe0 elementor-widget elementor-widget-image\" data-id=\"f21efe0\" data-element_type=\"widget\" data-widget_type=\"image.default\">\n\t\t\t\t<div class=\"elementor-widget-container\">\n\t\t\t\t\t\t\t\t<div class=\"elementor-image\">\n\t\t\t\t\t\t\t\t\t\t\t\t\t<a href=\"https:\/\/www.elpiro.com\/\">\n\t\t\t\t\t\t\t<img width=\"1024\" height=\"480\" src=\"https:\/\/www.elpiro.com\/wp-content\/uploads\/2019\/03\/GDPR-3246979_1280-1024x480.jpg\" class=\"attachment-large size-large\" alt=\"\" loading=\"lazy\" srcset=\"https:\/\/www.elpiro.com\/wp-content\/uploads\/2019\/03\/GDPR-3246979_1280-1024x480.jpg 1024w, https:\/\/www.elpiro.com\/wp-content\/uploads\/2019\/03\/GDPR-3246979_1280-300x141.jpg 300w, https:\/\/www.elpiro.com\/wp-content\/uploads\/2019\/03\/GDPR-3246979_1280-768x360.jpg 768w, https:\/\/www.elpiro.com\/wp-content\/uploads\/2019\/03\/GDPR-3246979_1280.jpg 1280w\" sizes=\"(max-width: 1024px) 100vw, 1024px\" \/>\t\t\t\t\t\t\t\t<\/a>\n\t\t\t\t\t\t\t\t\t\t\t\t\t\t<\/div>\n\t\t\t\t\t\t<\/div>\n\t\t\t\t<\/div>\n\t\t\t\t<div class=\"elementor-element elementor-element-17955a9 text-mattia elementor-widget elementor-widget-text-editor\" data-id=\"17955a9\" data-element_type=\"widget\" data-widget_type=\"text-editor.default\">\n\t\t\t\t<div class=\"elementor-widget-container\">\n\t\t\t\t\t\t\t\t<div class=\"elementor-text-editor elementor-clearfix\">\n\t\t\t\t<h2>Privacy<\/h2><p><strong>Modalit\u00e0 di gestione del sito in riferimento al trattamento dei dati personali degli utenti che lo consultano<\/strong><br \/>In questa pagina si descrivono le modalit\u00e0 di gestione del sito in riferimento al trattamento dei dati personali degli utenti che lo consultano. Si tratta di un\u2019informativa che \u00e8 resa anche ai sensi dell\u2019 art. 13 del d.lgs. n. 196\/2003 \u2013 Codice in materia di protezione dei dati personali a coloro che interagiscono con i servizi web accessibili per via telematica a partire dall\u2019indirizzo elpiro.com.<\/p><p>L\u2019informativa \u00e8 resa solo per il sito elpiro.com e non anche per altri siti web eventualmente consultati dall\u2019utente tramite link. Visitando il sito web elpiro.com si accettano implicitamente le prassi descritte nella presente Informativa sulla privacy.<\/p><p><strong>Titolare del trattamento<\/strong><\/p><p>A seguito della consultazione di questo sito possono essere trattati dati relativi a persone identificate o identificabili. Il \u201ctitolare\u201d del loro trattamento \u00e8: Villa Gestioni S.r.l. &#8211; Viale G. Verdi 23\/E \u2013 31100 Treviso \u2013 Tel: +39 0421 971 891 \u2013 Fax: +39 0421 370 380.<br \/>Qualora l\u2019utente intenda opporsi per motivi legittimi al trattamento dei dati, \u00e8 tenuto a darne comunicazione per iscritto a Villa Gestioni Srl, scrivendo a: info@elpiro.com<\/p><p><strong>Luogo di trattamento dei dati<\/strong><\/p><p>I trattamenti connessi ai servizi web del sito di Villa Gestioni Srl elpiro.com hanno luogo presso la predetta sede dell\u2019Azienda. I responsabili delle strutture amministrative sono reperibili al numero: +39 0421 971 891. I dati personali forniti dagli utenti che inoltrano richieste di invio di materiale informativo sono utilizzati al solo fine di eseguire il servizio o la prestazione richiesta e sono comunicati a terzi nel solo caso in cui ci\u00f2 sia a tal fine necessario. I dati personali non saranno soggetti a diffusione.<\/p><p><strong>Tipi di dati trattati \u2013 Dati di navigazione<\/strong><\/p><p>I sistemi informatici e le procedure software preposte al funzionamento di questo sito web acquisiscono, nel corso del loro normale esercizio, alcuni dati personali la cui trasmissione \u00e8 implicita nell\u2019uso dei protocolli di comunicazione di Internet. Si tratta di informazioni che non sono raccolte per essere associate a interessati identificati, ma che per loro stessa natura potrebbero, attraverso elaborazioni ed associazioni con dati detenuti da terzi, permettere di identificare gli utenti. In questa categoria di dati rientrano gli indirizzi IP o i nomi a dominio dei computer utilizzati dagli utenti che si connettono al sito, gli indirizzi in notazione URI (Uniform Resource Identifier) delle risorse richieste, l\u2019orario della richiesta, il metodo utilizzato nel sottoporre la richiesta al server, la dimensione del file ottenuto in risposta, il codice numerico indicante lo stato della risposta data dal server (buon fine, errore, ecc.) ed altri parametri relativi al sistema operativo e all\u2019ambiente informatico dell\u2019utente. Questi dati vengono utilizzati al solo fine di ricavare informazioni statistiche anonime sull\u2019uso del sito e per controllarne il corretto funzionamento e vengono cancellati immediatamente dopo l\u2019elaborazione. I dati potrebbero essere utilizzati per l\u2019accertamento di responsabilit\u00e0 in caso di ipotetici reati informatici ai danni del sito.<\/p><p><strong>Utilizzo di Google Analytics<\/strong><\/p><p>Questo sito web utilizza Google Analytics, un servizio di analisi web fornito da Google, Inc. (\u201cGoogle\u201d). Google Analytics utilizza dei \u201ccookies\u201d, che sono file di testo che vengono depositati sul Vostro computer per consentire al sito web di analizzare come gli utenti utilizzano il sito. Le informazioni generate dal cookie sull\u2019utilizzo del sito web da parte Vostra (compreso il Vostro indirizzo IP) verranno trasmesse a, e depositate presso i server di Google negli Stati Uniti. Google utilizzer\u00e0 queste informazioni allo scopo di tracciare e esaminare il Vostro utilizzo del sito web, compilare report sulle attivit\u00e0 del sito web per gli operatori del sito web e fornire altri servizi relativi alle attivit\u00e0 del sito web e all\u2019utilizzo di Internet. Google pu\u00f2 anche trasferire queste informazioni a terzi ove ci\u00f2\u00b2 sia imposto dalla legge o laddove tali terzi trattino le suddette informazioni per conto di Google. Google non assocer\u00e0 il vostro indirizzo IP a nessun altro dato posseduto da Google. E&#8217; possibile rifiutare l\u2019uso dei cookies selezionando l\u2019impostazione appropriata sul proprio browser, ma ci\u00f2 potrebbe impedire di utilizzare tutte le funzionalit\u00e0 di questo sito web. Utilizzando il presente sito web, si acconsente al trattamento dei propri dati da parte di Google per le modalit\u00ef\u00e0 e i fini sopra indicati.<\/p><p><strong>Cookie<\/strong><\/p><p>Si segnala che i siti elpiro.com, hotelelpirojesolo.com, hotelpanamajesolo.com, residencepanamajesolo.com, hotelfidesjesolo.com, hotelgalassia.it, a discrezione e per necessit\u00ef\u00e0 dell\u2019azienda, pu\u00f2 ricorrere all\u2019utilizzo di cookie, tra cui:<\/p><p>Cookie del visitatore anonimo: a) Cookie di sessione: nessun dato personale degli utenti viene in proposito acquisito dal sito; b) Cookie permanente: nessun dato personale degli utenti viene in proposito acquisito dal sito.<\/p><p>Cookie del visitatore registrato: a) Cookie di sessione: questo cookie \u00e8 utilizzato al solo fine di accedere e utilizzare i servizi dell\u2019Area Riservata del Portale e di navigare i siti mantenendo l\u2019autenticazione.<\/p><p>L\u2019utilizzo di questi cookie evita il ricorso ad altre tecniche informatiche potenzialmente pregiudizievoli per la riservatezza della navigazione degli utenti e per migliorare la qualit\u00e0 del servizio offerto. L\u2019eventuale trattamento dei dati acquisiti \u00e8 utilizzato a soli fini istituzionali in modo aggregato e anonimo.<\/p><p><strong>Dati forniti volontariamente dall\u2019utente<\/strong><\/p><p>L\u2019invio facoltativo, esplicito e volontario di posta elettronica agli indirizzi indicati su questo sito comporta la successiva acquisizione dell\u2019indirizzo del mittente, necessario per rispondere alle richieste, nonch\u00e9 degli eventuali altri dati personali inseriti nella missiva. I dati personali raccolti al momento della registrazione presso l\u2019azienda saranno raccolti e trattati dal personale incaricato nel rispetto delle norme di legge, di regolamento e dei principi di correttezza e tutela della Sua riservatezza, per finalit\u00e0 connesse allo svolgimento del soggiorno. Si assicura, tuttavia, che tale trattamento sar\u00e0 improntato ai principi di correttezza, liceit\u00e0 e trasparenza e di tutela della riservatezza come indicato nel decreto legislativo 196\/03. Specifiche informative di sintesi verranno progressivamente riportate o visualizzate nelle pagine del sito predisposte per particolari servizi a richiesta.<\/p><p><strong>Facoltativit\u00e0 del conferimento dei dati<\/strong><\/p><p>L\u2019utente \u00e0 libero di fornire i dati personali riportati nei moduli di richiesta o comunque indicati nella sezione &#8216;registrazione&#8217; per sollecitare l\u2019invio di materiale informativo o di altre comunicazioni. l loro mancato conferimento pu\u00f2 comportare l\u2019impossibilit\u00e0 di ottenere quanto richiesto.<\/p><p><strong>Modalit\u00e0 del trattamento<\/strong><\/p><p>I dati personali sono trattati con strumenti automatizzati per il tempo strettamente necessario a conseguire gli scopi per cui sono stati raccolti. Specifiche misure di sicurezza sono osservate per prevenire la perdita dei dati, usi illeciti o non corretti e accessi non autorizzati. Il trattamento sar\u00e0 effettuato anche con l\u2019ausilio di mezzi elettronici o comunque automatizzati e pu\u00f2 consistere in qualunque operazione o complesso di operazioni tra quelle indicate all\u2019art. 4,comma 1, lettera a) del D.L.vo 196\/2003 (per trattamento si intende \u201cqualunque operazione o complesso di operazioni, effettuati anche senza l\u2019ausilio di strumenti elettronici, concernenti la raccolta, la registrazione, l\u2019organizzazione, la conservazione, la consultazione, l\u2019elaborazione, la modificazione, la selezione, l\u2019estrazione, il raffronto, l\u2019utilizzo, l\u2019interconnessione, il blocco, la comunicazione, la diffusione, la cancellazione e la distruzione di dati, anche se non registrati in una banca dati.\u201d).<\/p><p><strong>Diritti degli interessati<\/strong><\/p><p>Ai sensi dell\u2019art. 7 del d.lgs. n. 196\/2003, il soggetto cui si riferiscono i dati personali, ha il diritto di:<\/p><p>ottenere la conferma dell\u2019esistenza o meno di dati che lo riguardano, anche se non ancora registrati, e la loro comunicazione in forma intelligibile;<\/p><p>ottenere l\u2019indicazione: a) dell\u2019origine dei dati personali; b) delle finalit\u00e0 e modalit\u00e0 del trattamento; c) della logica applicata in caso di trattamento effettuato con l\u2019ausilio di strumenti elettronici; d) degli estremi identificativi del titolare, dei responsabili e del rappresentante designato ai sensi dell\u2019articolo 5, comma 2; e) dei soggetti o delle categorie di soggetti ai quali i dati personali possono essere comunicati;<\/p><p>ottenere: a) l\u2019aggiornamento, la rettificazione ovvero, quando vi ha interesse, l\u2019integrazione dei dati; b) la cancellazione, la trasformazione in forma anonima o il blocco dei dati trattati in violazione di legge, compresi quelli di cui non \u00e8 necessaria la conservazione in relazione agli scopi per i quali i dati sono stati raccolti o successivamente trattati; c) l\u2019attestazione che le operazioni di cui alle lettere a) e b) sono state portate a conoscenza, anche per quanto riguarda il loro contenuto, di coloro ai quali i dati sono stati comunicati o diffusi, eccettuato il caso in cui tale adempimento si rivela impossibile o comporta un impiego di mezzi manifestamente sproporzionato rispetto al diritto tutelato;<\/p><p>opporsi, in tutto o in parte: a) per motivi legittimi al trattamento dei dati personali che lo riguardano, ancorch\u00e9 pertinenti allo scopo della raccolta; b) al trattamento di dati personali che lo riguardano a fini di invio di materiale pubblicitario o di vendita diretta o per il compimento di ricerche di mercato o di comunicazione commerciale.<\/p><p>Le istanze relative al rispetto dei diritti vanno inoltrate alla Direzione, con sede in:<br \/>Villa Gestioni S.r.l.Viale G. Verdi 23\/E \u2013 31100 Treviso<br \/>Tel: +39 0421 971 891 \u2013 Fax: +39 0421 370 380<br \/>La presente Privacy Policy sar\u00e0 soggetta ad aggiornamenti.<\/p>\t\t\t\t\t<\/div>\n\t\t\t\t\t\t<\/div>\n\t\t\t\t<\/div>\n\t\t\t\t\t\t<\/div>\n\t\t\t\t\t<\/div>\n\t\t<\/div>\n\t\t\t\t\t\t\t\t<\/div>\n\t\t\t\t\t<\/div>\n\t\t<\/section>\n\t\t\t\t\t\t\t\t\t<\/div>\n\t\t\t<\/div>\n\t\t\t\t\t<\/div>\n\t\t","protected":false},"excerpt":{"rendered":"<p>Privacy Modalit\u00e0 di gestione del sito in riferimento al trattamento dei dati personali degli utenti che lo consultanoIn questa pagina si descrivono le modalit\u00e0 di gestione del sito in riferimento al trattamento dei dati personali degli utenti che lo consultano. Si tratta di un\u2019informativa che \u00e8 resa anche ai sensi dell\u2019 art. 13 del d.lgs. [&hellip;]<\/p>\n","protected":false},"author":1,"featured_media":0,"parent":0,"menu_order":0,"comment_status":"closed","ping_status":"open","template":"","meta":[],"acf":[],"_links":{"self":[{"href":"https:\/\/www.elpiro.com\/en\/wp-json\/wp\/v2\/pages\/3"}],"collection":[{"href":"https:\/\/www.elpiro.com\/en\/wp-json\/wp\/v2\/pages"}],"about":[{"href":"https:\/\/www.elpiro.com\/en\/wp-json\/wp\/v2\/types\/page"}],"author":[{"embeddable":true,"href":"https:\/\/www.elpiro.com\/en\/wp-json\/wp\/v2\/users\/1"}],"replies":[{"embeddable":true,"href":"https:\/\/www.elpiro.com\/en\/wp-json\/wp\/v2\/comments?post=3"}],"version-history":[{"count":8,"href":"https:\/\/www.elpiro.com\/en\/wp-json\/wp\/v2\/pages\/3\/revisions"}],"predecessor-version":[{"id":1328,"href":"https:\/\/www.elpiro.com\/en\/wp-json\/wp\/v2\/pages\/3\/revisions\/1328"}],"wp:attachment":[{"href":"https:\/\/www.elpiro.com\/en\/wp-json\/wp\/v2\/media?parent=3"}],"curies":[{"name":"wp","href":"https:\/\/api.w.org\/{rel}","templated":true}]}}