
{"id":2009,"date":"2020-05-28T11:31:37","date_gmt":"2020-05-28T09:31:37","guid":{"rendered":"https:\/\/www.elpiro.com\/?page_id=2009"},"modified":"2020-06-06T18:30:34","modified_gmt":"2020-06-06T16:30:34","slug":"info","status":"publish","type":"page","link":"https:\/\/www.elpiro.com\/it\/info\/","title":{"rendered":"info"},"content":{"rendered":"\t\t<div data-elementor-type=\"wp-page\" data-elementor-id=\"2009\" class=\"elementor elementor-2009\">\n\t\t\t\t\t\t<div class=\"elementor-inner\">\n\t\t\t\t<div class=\"elementor-section-wrap\">\n\t\t\t\t\t\t\t\t\t<section class=\"elementor-section elementor-top-section elementor-element elementor-element-fbb55ee box-with-border elementor-section-boxed elementor-section-height-default elementor-section-height-default\" data-id=\"fbb55ee\" data-element_type=\"section\">\n\t\t\t\t\t\t<div class=\"elementor-container elementor-column-gap-default\">\n\t\t\t\t\t\t\t<div class=\"elementor-row\">\n\t\t\t\t\t<div class=\"elementor-column elementor-col-100 elementor-top-column elementor-element elementor-element-8dcc197\" data-id=\"8dcc197\" data-element_type=\"column\">\n\t\t\t<div class=\"elementor-column-wrap elementor-element-populated\">\n\t\t\t\t\t\t\t<div class=\"elementor-widget-wrap\">\n\t\t\t\t\t\t<div class=\"elementor-element elementor-element-fe40c14 title-mattia elementor-widget elementor-widget-text-editor\" data-id=\"fe40c14\" data-element_type=\"widget\" data-widget_type=\"text-editor.default\">\n\t\t\t\t<div class=\"elementor-widget-container\">\n\t\t\t\t\t\t\t\t<div class=\"elementor-text-editor elementor-clearfix\">\n\t\t\t\t<p>Informazioni utili<\/p><p>e norme di comportamento<\/p>\t\t\t\t\t<\/div>\n\t\t\t\t\t\t<\/div>\n\t\t\t\t<\/div>\n\t\t\t\t<div class=\"elementor-element elementor-element-2c8bd84 text-mattia elementor-widget elementor-widget-text-editor\" data-id=\"2c8bd84\" data-element_type=\"widget\" data-widget_type=\"text-editor.default\">\n\t\t\t\t<div class=\"elementor-widget-container\">\n\t\t\t\t\t\t\t\t<div class=\"elementor-text-editor elementor-clearfix\">\n\t\t\t\t<p>Gentili Ospiti,<\/p><p>con l\u2019intento di rendere il Vostro soggiorno ancora pi\u00f9 piacevole nella consapevolezza delle attuali esigenze di sicurezza richieste anche nei luoghi di villeggiatura, di seguito riportiamo alcune norme di comportamento che dovranno essere rispettate da tutti coloro che alloggiano nel nostro Hotel.<br \/>Certi della Vostra comprensione Vi invitiamo al loro rispetto con l\u2019unico nostro intento di rendere la Vostra vacanza ancora una volta indimenticabile.<\/p>\t\t\t\t\t<\/div>\n\t\t\t\t\t\t<\/div>\n\t\t\t\t<\/div>\n\t\t\t\t<div class=\"elementor-element elementor-element-d83fe83 accordion-home elementor-widget elementor-widget-toggle\" data-id=\"d83fe83\" data-element_type=\"widget\" data-widget_type=\"toggle.default\">\n\t\t\t\t<div class=\"elementor-widget-container\">\n\t\t\t\t\t<div class=\"elementor-toggle\" role=\"tablist\">\n\t\t\t\t\t\t\t<div class=\"elementor-toggle-item\">\n\t\t\t\t\t<div id=\"elementor-tab-title-2261\" class=\"elementor-tab-title\" data-tab=\"1\" role=\"tab\" aria-controls=\"elementor-tab-content-2261\" aria-expanded=\"false\">\n\t\t\t\t\t\t\t\t\t\t\t\t<span class=\"elementor-toggle-icon elementor-toggle-icon-left\" aria-hidden=\"true\">\n\t\t\t\t\t\t\t\t\t\t\t\t\t\t\t<span class=\"elementor-toggle-icon-closed\"><i class=\"fas fa-caret-right\"><\/i><\/span>\n\t\t\t\t\t\t\t\t<span class=\"elementor-toggle-icon-opened\"><i class=\"elementor-toggle-icon-opened fas fa-caret-up\"><\/i><\/span>\n\t\t\t\t\t\t\t\t\t\t\t\t\t<\/span>\n\t\t\t\t\t\t\t\t\t\t\t\t<a href=\"\" class=\"elementor-toggle-title\">Accesso al nostro Hotel<\/a>\n\t\t\t\t\t<\/div>\n\n\t\t\t\t\t<div id=\"elementor-tab-content-2261\" class=\"elementor-tab-content elementor-clearfix\" data-tab=\"1\" role=\"tabpanel\" aria-labelledby=\"elementor-tab-title-2261\"><ul><li>Potr\u00e0 essere rilevata la <strong>temperatura<\/strong> corporea, impedendo l\u2019accesso in caso di temperatura superiore a 37,5 \u00b0C.<\/li><li>Nelle aree comuni \u00e8 obbligatorio rispettare la distanza interpersonale di <strong>almeno 1 metro<\/strong>.<\/li><li>Il <strong>distanziamento interpersonale<\/strong> non si applica ai membri dello stesso gruppo familiare o di conviventi, n\u00e9 alle persone che occupano la medesima camera, n\u00e9 alle persone che in base alle disposizioni vigenti non sono soggetti al distanziamento interpersonale.<\/li><li>Gli ospiti devono sempre indossare la <strong>mascherina<\/strong> nelle aree comuni chiuse. Negli ambienti comuni all\u2019aperto, la mascherina deve essere indossata quando non sia possibile rispettare la distanza di almeno 1 metro.<\/li><li>In tutti gli ambienti della nostra struttura (sala, bar, zone comuni, reception) sono a Vostra disposizione erogatori per <strong>l&#8217;igiene delle mani<\/strong> con soluzioni idro-alcoliche. Vi invitiamo ad utilizzarli con frequenza. Abbiamo ritenuto opportuno eliminare la disponibilit\u00e0 di riviste e materiale informativo di uso promiscuo.<\/li><li>Ogni oggetto fornito in uso dalla struttura ai nostri ospiti sar\u00e0 disinfettato prima della consegna.<\/li><li>L&#8217;utilizzo degli <strong>ascensori<\/strong> dev\u2019essere tale da consentire il rispetto della distanza interpersonale, pur con la mascherina. A ci\u00f2 saranno derogati i componenti dello stesso nucleo familiare, conviventi e persone che occupano la stessa camera, ovvero persone che in base alle disposizioni vigenti non sono soggetti al distanziamento interpersonale.<\/li><li>Sar\u00e0 nostra cura garantire la <strong>frequente<\/strong> <strong>pulizia<\/strong> <strong>e<\/strong> <strong>disinfezione<\/strong> di tutti gli ambienti e locali dell\u2019Hotel, con particolare attenzione alle aree comuni e alle superfici toccate con maggiore frequenza (corrimano, interruttori della luce, pulsanti degli ascensori, maniglie di porte e finestre, ecc.). Favoriremo il ricambio d\u2019aria negli ambienti interni, la sanificazione delle singole camere prima dell\u2019arrivo dei nostri ospiti oltre ad una accurata pulizia e disinfezione di ambienti, arredi, utensili e, laddove fornita, biancheria.<\/li><\/ul><\/div>\n\t\t\t\t<\/div>\n\t\t\t\t\t\t\t<div class=\"elementor-toggle-item\">\n\t\t\t\t\t<div id=\"elementor-tab-title-2262\" class=\"elementor-tab-title\" data-tab=\"2\" role=\"tab\" aria-controls=\"elementor-tab-content-2262\" aria-expanded=\"false\">\n\t\t\t\t\t\t\t\t\t\t\t\t<span class=\"elementor-toggle-icon elementor-toggle-icon-left\" aria-hidden=\"true\">\n\t\t\t\t\t\t\t\t\t\t\t\t\t\t\t<span class=\"elementor-toggle-icon-closed\"><i class=\"fas fa-caret-right\"><\/i><\/span>\n\t\t\t\t\t\t\t\t<span class=\"elementor-toggle-icon-opened\"><i class=\"elementor-toggle-icon-opened fas fa-caret-up\"><\/i><\/span>\n\t\t\t\t\t\t\t\t\t\t\t\t\t<\/span>\n\t\t\t\t\t\t\t\t\t\t\t\t<a href=\"\" class=\"elementor-toggle-title\">Ristorante<\/a>\n\t\t\t\t\t<\/div>\n\n\t\t\t\t\t<div id=\"elementor-tab-content-2262\" class=\"elementor-tab-content elementor-clearfix\" data-tab=\"2\" role=\"tabpanel\" aria-labelledby=\"elementor-tab-title-2262\"><ul><li>Abbiamo predisposto un distanziamento di <strong>almeno un metro<\/strong> tra i tavoli della nostra sala da pranzo. Invitiamo i nostri gentili ospiti ad accedervi rispettando una distanza interpersonale di almeno un metro, evitando assembramenti, sempre indossando le mascherine protettive sino a quando non Vi accomoderete al tavolo. Durante la consumazione dei pasti gli strumenti protettivi (guanti e mascherine) potranno non essere indossati.<\/li><li>Nella sala da pranzo, bar e zone comuni sono disponibili prodotti per l\u2019<strong>igienizzazione delle mani<\/strong>. Vi invitiamo a farne uso con frequenza, sia prima che dopo i pasti.<\/li><li>I pasti verranno ordinati mettendovi a disposizione un nostro men\u00f9, per la colazione, il pranzo e la cena.<\/li><li>Vi invitiamo a privilegiare l\u2019utilizzo dei <strong>tavoli esterni<\/strong> (se disponibili), sempre nel rispetto del distanziamento di almeno 1 metro.<\/li><li>La consumazione al <strong>banco<\/strong> \u00e8 consentita solo mantenendo una distanza interpersonale di almeno 1 metro, ad eccezione delle persone che in base alle disposizioni vigenti non siano soggetti al distanziamento interpersonale.<\/li><li>Nostro malgrado la consumazione a <strong>buffet<\/strong> in modalit\u00e0 self-service non \u00e8 consentita. Abbiamo in ogni caso predisposto una variet\u00e0 di pietanze (verdure, dolci e frutta) che vi consentir\u00e0 di poter scegliere quelle a Voi pi\u00f9 gradite, invitandovi a richiederle al personale in servizio che sar\u00e0 lieto di potervele servire. Vi rammentiamo in ogni caso l\u2019obbligo del mantenimento della distanza e l\u2019obbligo dell\u2019utilizzo della <strong>mascherina<\/strong> a protezione delle vie respiratorie tutte le volte che non sarete seduti al tavolo.<\/li><li>Al termine di ogni servizio al tavolo il nostro personale provveder\u00e0 alle consuete misure di pulizia e disinfezione delle superfici.<\/li><\/ul><\/div>\n\t\t\t\t<\/div>\n\t\t\t\t\t\t\t<div class=\"elementor-toggle-item\">\n\t\t\t\t\t<div id=\"elementor-tab-title-2263\" class=\"elementor-tab-title\" data-tab=\"3\" role=\"tab\" aria-controls=\"elementor-tab-content-2263\" aria-expanded=\"false\">\n\t\t\t\t\t\t\t\t\t\t\t\t<span class=\"elementor-toggle-icon elementor-toggle-icon-left\" aria-hidden=\"true\">\n\t\t\t\t\t\t\t\t\t\t\t\t\t\t\t<span class=\"elementor-toggle-icon-closed\"><i class=\"fas fa-caret-right\"><\/i><\/span>\n\t\t\t\t\t\t\t\t<span class=\"elementor-toggle-icon-opened\"><i class=\"elementor-toggle-icon-opened fas fa-caret-up\"><\/i><\/span>\n\t\t\t\t\t\t\t\t\t\t\t\t\t<\/span>\n\t\t\t\t\t\t\t\t\t\t\t\t<a href=\"\" class=\"elementor-toggle-title\">Accesso alla spiaggia<\/a>\n\t\t\t\t\t<\/div>\n\n\t\t\t\t\t<div id=\"elementor-tab-content-2263\" class=\"elementor-tab-content elementor-clearfix\" data-tab=\"3\" role=\"tabpanel\" aria-labelledby=\"elementor-tab-title-2263\"><ul><li>Quest&#8217;anno \u00e8 stato fissato un nuovo regolamento per la spiaggia a cui dobbiamo attenerci. Per questo motivo non riusciamo purtroppo a garantire il posto in spiaggia e\/o in piscina n\u00e9 accettare prenotazioni. Eventualmente si possono noleggiare dal bagnino in spiaggia.<\/li><li>Per l\u2019accesso alla spiaggia il personale dello stabilimento Vi accompagner\u00e0 all\u2019ombrellone e Vi illustrer\u00e0 le misure di prevenzione da rispettare.<\/li><li>Saranno resi disponibili prodotti per l\u2019igiene delle mani in pi\u00f9 punti dell\u2019impianto.<\/li><li>Potr\u00e0 essere rilevata la temperatura corporea, impedendo l\u2019accesso in caso di temperatura superiore a 37,5 \u00b0C.<\/li><li>Il personale dello stabilimento ha previsto un distanziamento tra gli <strong>ombrelloni<\/strong> in modo da garantirne la conformit\u00e0 ai parametri di legge (e ci\u00f2 sia per file orizzontali che a rombo). Si adoperer\u00e0 altres\u00ec per una frequente pulizia e disinfezione delle aree comuni, spogliatoi, cabine, docce, servizi igienici, etc., comunque assicurata dopo la chiusura dell\u2019impianto. I lettini, sedie a sdraio, ombrelloni etc. <strong>verranno disinfettati ad ogni cambio di persona<\/strong> o nucleo famigliare, e in ogni caso ad ogni fine giornata.<\/li><li>\u00c8 da vietare la pratica di attivit\u00e0 ludico-sportive di gruppo che possono dar luogo ad assembramenti.<\/li><li>Gli <strong>sport<\/strong> individuali che si svolgono abitualmente in spiaggia (es. racchettoni) o in acqua (es. nuoto, surf, windsurf, kitesurf) possono essere regolarmente praticati, nel rispetto delle misure di distanziamento interpersonale. Diversamente, per gli sport di squadra (es. beach-volley, beach-soccer) sar\u00e0 necessario rispettare le disposizioni delle istituzioni competenti.<\/li><\/ul><\/div>\n\t\t\t\t<\/div>\n\t\t\t\t\t\t\t<div class=\"elementor-toggle-item\">\n\t\t\t\t\t<div id=\"elementor-tab-title-2264\" class=\"elementor-tab-title\" data-tab=\"4\" role=\"tab\" aria-controls=\"elementor-tab-content-2264\" aria-expanded=\"false\">\n\t\t\t\t\t\t\t\t\t\t\t\t<span class=\"elementor-toggle-icon elementor-toggle-icon-left\" aria-hidden=\"true\">\n\t\t\t\t\t\t\t\t\t\t\t\t\t\t\t<span class=\"elementor-toggle-icon-closed\"><i class=\"fas fa-caret-right\"><\/i><\/span>\n\t\t\t\t\t\t\t\t<span class=\"elementor-toggle-icon-opened\"><i class=\"elementor-toggle-icon-opened fas fa-caret-up\"><\/i><\/span>\n\t\t\t\t\t\t\t\t\t\t\t\t\t<\/span>\n\t\t\t\t\t\t\t\t\t\t\t\t<a href=\"\" class=\"elementor-toggle-title\">Piscina<\/a>\n\t\t\t\t\t<\/div>\n\n\t\t\t\t\t<div id=\"elementor-tab-content-2264\" class=\"elementor-tab-content elementor-clearfix\" data-tab=\"4\" role=\"tabpanel\" aria-labelledby=\"elementor-tab-title-2264\"><ul><li>E\u2019 consentito l\u2019uso della nostra piscina con il limite massimo di 6 persone alla volta. Invitiamo pertanto i nostri gentili ospiti a non accederVi qualora tale limite non venisse rispettato. Nostro personale potr\u00e0 essere presente per regolamentarne l\u2019accesso.<\/li><li>Vi invitiamo ad <strong>evitare eventuali condizioni di aggregazioni o assembramento<\/strong> nelle zone limitrofe alla piscina e ci\u00f2 nel rispetto del distanziamento sociale di almeno 1 metro, ad eccezione delle persone che in base alle disposizioni vigenti non siano soggette al distanziamento interpersonale.<\/li><li>Lungo la piscina potrete trovare dispenser con soluzioni idroalcoliche per l\u2019igiene delle mani che dovranno essere utilizzati gi\u00e0 in entrata.<\/li><li>Nel nostro solarium abbiamo previsto un adeguato distanziamento tra gli ombrelloni con una distanza di almeno 1,5 m l\u2019uno dall\u2019altro.<\/li><li>Sar\u00e0 nostra cura approntare una frequente <strong>pulizia e disinfezione<\/strong> delle aree comuni, spogliatoi, cabine, docce, servizi igienici, cabine, attrezzature (sdraio, sedie, lettini, etc.).<\/li><li>Le <strong>attrezzature<\/strong> come ad es. lettini, sedie a sdraio, ombrelloni etc. verranno disinfettati ad ogni cambio di persona o nucleo famigliare ed in ogni caso a fine giornata. Vi invitiamo ad evitare l\u2019uso promiscuo di oggetti e biancheria, accedendo alla nostra piscina gi\u00e0 muniti di tutto l\u2019occorrente.<\/li><li>Raccomandiamo i genitori\/accompagnatori di avere cura di sorvegliare i bambini per il rispetto del distanziamento e delle norme igienico-comportamentali compatibilmente con il loro grado di autonomia e l\u2019et\u00e0 degli stessi.<\/li><\/ul><\/div>\n\t\t\t\t<\/div>\n\t\t\t\t\t\t\t\t<\/div>\n\t\t\t\t<\/div>\n\t\t\t\t<\/div>\n\t\t\t\t<div class=\"elementor-element elementor-element-16129ee text-mattia elementor-widget elementor-widget-text-editor\" data-id=\"16129ee\" data-element_type=\"widget\" data-widget_type=\"text-editor.default\">\n\t\t\t\t<div class=\"elementor-widget-container\">\n\t\t\t\t\t\t\t\t<div class=\"elementor-text-editor elementor-clearfix\">\n\t\t\t\t<p>Vi ringraziamo per la Vostra collaborazione nel rispettare queste norme di comportamento che sono state pensate per la Vostra esclusiva sicurezza.<br \/>Rimaniamo in ogni caso a Vostra completa disposizione per qualsiasi ulteriore chiarimento Vi fosse necessario.<br \/>Lo Staff<\/p>\t\t\t\t\t<\/div>\n\t\t\t\t\t\t<\/div>\n\t\t\t\t<\/div>\n\t\t\t\t\t\t<\/div>\n\t\t\t\t\t<\/div>\n\t\t<\/div>\n\t\t\t\t\t\t\t\t<\/div>\n\t\t\t\t\t<\/div>\n\t\t<\/section>\n\t\t\t\t\t\t\t\t\t<\/div>\n\t\t\t<\/div>\n\t\t\t\t\t<\/div>\n\t\t","protected":false},"excerpt":{"rendered":"<p>Informazioni utili e norme di comportamento Gentili Ospiti, con l\u2019intento di rendere il Vostro soggiorno ancora pi\u00f9 piacevole nella consapevolezza delle attuali esigenze di sicurezza richieste anche nei luoghi di villeggiatura, di seguito riportiamo alcune norme di comportamento che dovranno essere rispettate da tutti coloro che alloggiano nel nostro Hotel.Certi della Vostra comprensione Vi invitiamo [&hellip;]<\/p>\n","protected":false},"author":1,"featured_media":0,"parent":0,"menu_order":0,"comment_status":"closed","ping_status":"closed","template":"","meta":[],"acf":[],"_links":{"self":[{"href":"https:\/\/www.elpiro.com\/it\/wp-json\/wp\/v2\/pages\/2009"}],"collection":[{"href":"https:\/\/www.elpiro.com\/it\/wp-json\/wp\/v2\/pages"}],"about":[{"href":"https:\/\/www.elpiro.com\/it\/wp-json\/wp\/v2\/types\/page"}],"author":[{"embeddable":true,"href":"https:\/\/www.elpiro.com\/it\/wp-json\/wp\/v2\/users\/1"}],"replies":[{"embeddable":true,"href":"https:\/\/www.elpiro.com\/it\/wp-json\/wp\/v2\/comments?post=2009"}],"version-history":[{"count":21,"href":"https:\/\/www.elpiro.com\/it\/wp-json\/wp\/v2\/pages\/2009\/revisions"}],"predecessor-version":[{"id":2066,"href":"https:\/\/www.elpiro.com\/it\/wp-json\/wp\/v2\/pages\/2009\/revisions\/2066"}],"wp:attachment":[{"href":"https:\/\/www.elpiro.com\/it\/wp-json\/wp\/v2\/media?parent=2009"}],"curies":[{"name":"wp","href":"https:\/\/api.w.org\/{rel}","templated":true}]}}